{"id":20,"date":"2021-02-02T08:28:24","date_gmt":"2021-02-02T08:28:24","guid":{"rendered":"https:\/\/bestground.de\/?page_id=20"},"modified":"2023-10-13T06:56:55","modified_gmt":"2023-10-13T06:56:55","slug":"about","status":"publish","type":"page","link":"https:\/\/bestground.de\/?page_id=20","title":{"rendered":"About"},"content":{"rendered":"\n<figure class=\"wp-block-image size-full\"><img loading=\"lazy\" decoding=\"async\" width=\"2847\" height=\"1942\" src=\"https:\/\/bestground.de\/wp-content\/uploads\/2023\/10\/diefotografen.de_21-komprimiert.jpg\" alt=\"\" class=\"wp-image-157\"\/><\/figure>\n\n\n\n<p>Herr Horst Behrmann &#8211; Diplom-Betriebswirt (FH) Controlling &#8211; Wirtschaftsinformatik verf\u00fcgt \u00fcber ausgezeichnete Referenzen. Viele zufriedene Kunden auf der Eigent\u00fcmerseite, aber auch auf Seiten der Mieter, P\u00e4chter und K\u00e4ufer sind der unverf\u00e4lschliche Beleg daf\u00fcr. Nehmen auch Sie unsere Dienste in Anspruch.<\/p>\n","protected":false},"excerpt":{"rendered":"<p>Herr Horst Behrmann &#8211; Diplom-Betriebswirt (FH) Controlling &#8211; Wirtschaftsinformatik verf\u00fcgt \u00fcber ausgezeichnete Referenzen. Viele zufriedene Kunden auf der Eigent\u00fcmerseite, aber auch auf Seiten der Mieter, P\u00e4chter und K\u00e4ufer sind der unverf\u00e4lschliche Beleg daf\u00fcr. Nehmen auch Sie unsere Dienste in Anspruch.<\/p>\n","protected":false},"author":1,"featured_media":0,"parent":0,"menu_order":0,"comment_status":"closed","ping_status":"closed","template":"","meta":{"footnotes":""},"class_list":["post-20","page","type-page","status-publish","hentry"],"_links":{"self":[{"href":"https:\/\/bestground.de\/index.php?rest_route=\/wp\/v2\/pages\/20","targetHints":{"allow":["GET"]}}],"collection":[{"href":"https:\/\/bestground.de\/index.php?rest_route=\/wp\/v2\/pages"}],"about":[{"href":"https:\/\/bestground.de\/index.php?rest_route=\/wp\/v2\/types\/page"}],"author":[{"embeddable":true,"href":"https:\/\/bestground.de\/index.php?rest_route=\/wp\/v2\/users\/1"}],"replies":[{"embeddable":true,"href":"https:\/\/bestground.de\/index.php?rest_route=%2Fwp%2Fv2%2Fcomments&post=20"}],"version-history":[{"count":6,"href":"https:\/\/bestground.de\/index.php?rest_route=\/wp\/v2\/pages\/20\/revisions"}],"predecessor-version":[{"id":158,"href":"https:\/\/bestground.de\/index.php?rest_route=\/wp\/v2\/pages\/20\/revisions\/158"}],"wp:attachment":[{"href":"https:\/\/bestground.de\/index.php?rest_route=%2Fwp%2Fv2%2Fmedia&parent=20"}],"curies":[{"name":"wp","href":"https:\/\/api.w.org\/{rel}","templated":true}]}}