{"id":35,"date":"2021-02-02T08:40:20","date_gmt":"2021-02-02T08:40:20","guid":{"rendered":"https:\/\/bestground.de\/?page_id=35"},"modified":"2021-02-04T14:28:37","modified_gmt":"2021-02-04T14:28:37","slug":"fakten","status":"publish","type":"page","link":"https:\/\/bestground.de\/?page_id=35","title":{"rendered":"Fakten"},"content":{"rendered":"\n<div class=\"wp-block-group\"><div class=\"wp-block-group__inner-container is-layout-flow wp-block-group-is-layout-flow\">\n<h3 class=\"has-text-align-left wp-block-heading\"><strong>VERMIETUNG<\/strong><\/h3>\n\n\n\n<p>Man m\u00f6chten meinen, dass Vermieten ganz einfach sei, doch das ist es nicht. Die Auswahl von Mietern, die auf lange Sicht zum Objekt und dem dortigen Umfeld passen, erfordert weit mehr als nur ein gl\u00fcckliches H\u00e4ndchen.<\/p>\n<\/div><\/div>\n\n\n\n<h3 class=\"wp-block-heading\"><strong>VERKAUF<\/strong><\/h3>\n\n\n\n<p class=\"has-text-align-left\">So zu verkaufen, dass Verk\u00e4ufer und Erwerber sich dabei gut f\u00fchlen, beide ein gutes Gesch\u00e4ft machen, alles sicher \u00fcber die B\u00fchne geht und auch die betroffenen Mieter und P\u00e4chter nicht auf der Strecke bleiben, ist eine Gabe.<\/p>\n\n\n\n<h3 class=\"wp-block-heading\"><strong>ENTWICKLUNG<\/strong><\/h3>\n\n\n\n<p>Was wird langfristig Bestand haben, in welche Richtung soll es gehen ? Die finanziellen Folgen sind gravierend und auf einmal eingeschlagenen Wegen kann man kaum umdrehen. Wir erweitern Ihren Blickwinkel in jeder Dimension.<\/p>\n\n\n\n<h3 class=\"wp-block-heading\"><strong>VERWALTUNG <\/strong><\/h3>\n\n\n\n<p>Zusammen mit unserem Partnerunternehmen der MeTeOr Hausverwaltung &#8211; Immobilien GmbH, Stra\u00dfe am Flugplatz 6 a in 12487 Berlin Johannisthal sind wir seit mehr als zwei Jahrzehnten bundesweit in den Bereichen Wohn- und Gewerbeverwaltung erfolgreich t\u00e4tig.<\/p>\n","protected":false},"excerpt":{"rendered":"<p>VERMIETUNG Man m\u00f6chten meinen, dass Vermieten ganz einfach sei, doch das ist es nicht. Die Auswahl von Mietern, die auf lange Sicht zum Objekt und dem dortigen Umfeld passen, erfordert weit mehr als nur ein gl\u00fcckliches H\u00e4ndchen. VERKAUF So zu verkaufen, dass Verk\u00e4ufer und Erwerber sich dabei gut f\u00fchlen, beide ein gutes Gesch\u00e4ft machen, alles &hellip; <\/p>\n<p class=\"link-more\"><a href=\"https:\/\/bestground.de\/?page_id=35\" class=\"more-link\"><span class=\"screen-reader-text\">\u201eFakten\u201c<\/span> weiterlesen<\/a><\/p>\n","protected":false},"author":1,"featured_media":0,"parent":0,"menu_order":0,"comment_status":"closed","ping_status":"closed","template":"","meta":{"footnotes":""},"class_list":["post-35","page","type-page","status-publish","hentry"],"_links":{"self":[{"href":"https:\/\/bestground.de\/index.php?rest_route=\/wp\/v2\/pages\/35","targetHints":{"allow":["GET"]}}],"collection":[{"href":"https:\/\/bestground.de\/index.php?rest_route=\/wp\/v2\/pages"}],"about":[{"href":"https:\/\/bestground.de\/index.php?rest_route=\/wp\/v2\/types\/page"}],"author":[{"embeddable":true,"href":"https:\/\/bestground.de\/index.php?rest_route=\/wp\/v2\/users\/1"}],"replies":[{"embeddable":true,"href":"https:\/\/bestground.de\/index.php?rest_route=%2Fwp%2Fv2%2Fcomments&post=35"}],"version-history":[{"count":7,"href":"https:\/\/bestground.de\/index.php?rest_route=\/wp\/v2\/pages\/35\/revisions"}],"predecessor-version":[{"id":123,"href":"https:\/\/bestground.de\/index.php?rest_route=\/wp\/v2\/pages\/35\/revisions\/123"}],"wp:attachment":[{"href":"https:\/\/bestground.de\/index.php?rest_route=%2Fwp%2Fv2%2Fmedia&parent=35"}],"curies":[{"name":"wp","href":"https:\/\/api.w.org\/{rel}","templated":true}]}}