{"id":51,"date":"2021-02-02T08:55:46","date_gmt":"2021-02-02T08:55:46","guid":{"rendered":"https:\/\/bestground.de\/?page_id=51"},"modified":"2024-02-06T16:34:37","modified_gmt":"2024-02-06T16:34:37","slug":"rechtliches","status":"publish","type":"page","link":"https:\/\/bestground.de\/?page_id=51","title":{"rendered":"Rechtliches"},"content":{"rendered":"\n<h3 class=\"wp-block-heading\"><strong>Zust\u00e4ndige Aufsichtsbeh\u00f6rde nach \u00a7 34 c GewO:&nbsp; BA Treptow-K\u00f6penick von Berlin<\/strong><\/h3>\n\n\n\n<p class=\"has-text-align-left\">Der&nbsp;Betreiber&nbsp;dieser&nbsp;Seite&nbsp;nimmt&nbsp;den&nbsp;Schutz&nbsp;Ihrer&nbsp;pers\u00f6nlichen &nbsp;Daten &nbsp;sehr &nbsp;ernst. Wir behandeln&nbsp;Ihre&nbsp;personenbezogenen&nbsp;Daten&nbsp;vertraulich und&nbsp;entsprechend &nbsp;der gesetzlichen Datenschutzvorschriften sowie&nbsp;dieser&nbsp;Datenschutzerkl\u00e4rung. Die Nutzung unserer Website ist&nbsp;in&nbsp;der&nbsp;Regel ohne Angabe&nbsp;personenbezogener&nbsp;Daten m\u00f6glich. Soweit auf&nbsp;unserer&nbsp;Seite&nbsp;personenbezogene&nbsp;Daten&nbsp;(beispielsweise Name, Anschrift oder&nbsp;E-Mail-Adressen)&nbsp;erhoben&nbsp;werden,&nbsp;erfolgt dies,&nbsp;soweit&nbsp;m\u00f6glich, stets&nbsp;auf freiwilliger&nbsp;Basis. Diese Daten&nbsp;werden ohne Ihre&nbsp;ausdr\u00fcckliche&nbsp;Zustimmung nicht an Dritte&nbsp;weitergegeben. Wir weisen daraufhin,  dass die Daten\u00fcbertragung &nbsp;im Internet&nbsp;(z.B.&nbsp;bei&nbsp;der &nbsp;Kommunikation per E-Mail)&nbsp;Sicherheitsl\u00fccken&nbsp;aufweisen kann. Ein l\u00fcckenloser&nbsp;Schutz der Daten vor dem Zugriff &nbsp;durch Dritte &nbsp;ist &nbsp;nicht &nbsp;m\u00f6glich. Sie haben jederzeit das&nbsp;Recht&nbsp;auf unentgeltliche Auskunft \u00fcber&nbsp;Ihre gespeicherten personenbezogenen &nbsp;Daten, deren &nbsp;Herkunft&nbsp;und Empf\u00e4nger und &nbsp;den &nbsp;Zweck der Datenverarbeitung sowie&nbsp;ein Recht auf &nbsp;Berichtigung, Sperrung&nbsp;oder L\u00f6schung &nbsp;dieser Daten. Hierzu&nbsp;sowie&nbsp;zu&nbsp;weiteren Fragen zum Thema personenbezogene Daten k\u00f6nnen Sie sich jederzeit unter der unten angegebenen Adresse an uns wenden.<\/p>\n\n\n\n<p class=\"has-text-align-left\"><\/p>\n\n\n\n<p><\/p>\n\n\n\n<h2 class=\"wp-block-heading has-black-color has-text-color\"><strong>Impressum: <\/strong><\/h2>\n\n\n\n<h3 class=\"wp-block-heading\"><strong>Adresse:<\/strong> <\/h3>\n\n\n\n<p>best ground Immobilien <\/p>\n\n\n\n<p>Horst Behrmann  <\/p>\n\n\n\n<p>Stra\u00dfe am Flugplatz 6 a <\/p>\n\n\n\n<p>D &#8211; 12487 Berlin Treptow-K\u00f6penick<\/p>\n\n\n\n<p><strong>Kontakt:<\/strong> <\/p>\n\n\n\n<p>e: berlin@bestground.de<\/p>\n\n\n\n<p>f: 030 88 727 464<\/p>\n\n\n\n<p>t: 030 88 727 465<\/p>\n\n\n\n<p>m: 0172 79 360 53<\/p>\n\n\n\n<p><\/p>\n","protected":false},"excerpt":{"rendered":"<p>Zust\u00e4ndige Aufsichtsbeh\u00f6rde nach \u00a7 34 c GewO:&nbsp; BA Treptow-K\u00f6penick von Berlin Der&nbsp;Betreiber&nbsp;dieser&nbsp;Seite&nbsp;nimmt&nbsp;den&nbsp;Schutz&nbsp;Ihrer&nbsp;pers\u00f6nlichen &nbsp;Daten &nbsp;sehr &nbsp;ernst. Wir behandeln&nbsp;Ihre&nbsp;personenbezogenen&nbsp;Daten&nbsp;vertraulich und&nbsp;entsprechend &nbsp;der gesetzlichen Datenschutzvorschriften sowie&nbsp;dieser&nbsp;Datenschutzerkl\u00e4rung. Die Nutzung unserer Website ist&nbsp;in&nbsp;der&nbsp;Regel ohne Angabe&nbsp;personenbezogener&nbsp;Daten m\u00f6glich. Soweit auf&nbsp;unserer&nbsp;Seite&nbsp;personenbezogene&nbsp;Daten&nbsp;(beispielsweise Name, Anschrift oder&nbsp;E-Mail-Adressen)&nbsp;erhoben&nbsp;werden,&nbsp;erfolgt dies,&nbsp;soweit&nbsp;m\u00f6glich, stets&nbsp;auf freiwilliger&nbsp;Basis. Diese Daten&nbsp;werden ohne Ihre&nbsp;ausdr\u00fcckliche&nbsp;Zustimmung nicht an Dritte&nbsp;weitergegeben. Wir weisen daraufhin, dass die Daten\u00fcbertragung &nbsp;im Internet&nbsp;(z.B.&nbsp;bei&nbsp;der &nbsp;Kommunikation per &hellip; <\/p>\n<p class=\"link-more\"><a href=\"https:\/\/bestground.de\/?page_id=51\" class=\"more-link\"><span class=\"screen-reader-text\">\u201eRechtliches\u201c<\/span> weiterlesen<\/a><\/p>\n","protected":false},"author":1,"featured_media":0,"parent":0,"menu_order":0,"comment_status":"closed","ping_status":"closed","template":"","meta":{"footnotes":""},"class_list":["post-51","page","type-page","status-publish","hentry"],"_links":{"self":[{"href":"https:\/\/bestground.de\/index.php?rest_route=\/wp\/v2\/pages\/51","targetHints":{"allow":["GET"]}}],"collection":[{"href":"https:\/\/bestground.de\/index.php?rest_route=\/wp\/v2\/pages"}],"about":[{"href":"https:\/\/bestground.de\/index.php?rest_route=\/wp\/v2\/types\/page"}],"author":[{"embeddable":true,"href":"https:\/\/bestground.de\/index.php?rest_route=\/wp\/v2\/users\/1"}],"replies":[{"embeddable":true,"href":"https:\/\/bestground.de\/index.php?rest_route=%2Fwp%2Fv2%2Fcomments&post=51"}],"version-history":[{"count":12,"href":"https:\/\/bestground.de\/index.php?rest_route=\/wp\/v2\/pages\/51\/revisions"}],"predecessor-version":[{"id":161,"href":"https:\/\/bestground.de\/index.php?rest_route=\/wp\/v2\/pages\/51\/revisions\/161"}],"wp:attachment":[{"href":"https:\/\/bestground.de\/index.php?rest_route=%2Fwp%2Fv2%2Fmedia&parent=51"}],"curies":[{"name":"wp","href":"https:\/\/api.w.org\/{rel}","templated":true}]}}