{"id":69,"date":"2021-02-02T09:11:24","date_gmt":"2021-02-02T09:11:24","guid":{"rendered":"https:\/\/bestground.de\/?page_id=69"},"modified":"2022-01-28T07:06:51","modified_gmt":"2022-01-28T07:06:51","slug":"immobilienbewertung","status":"publish","type":"page","link":"https:\/\/bestground.de\/?page_id=69","title":{"rendered":"Immobilienbewertung"},"content":{"rendered":"\n<p><em>Wenn Sie sich mit dem Gedanken tragen, Ihre Immobilie zu verkaufen, dann stehen wir Ihnen gerne mit unserer pers\u00f6nlichen Einsch\u00e4tzung zu einer m\u00f6glichen Kaufpreisspanne zur Seite, die auf Erfahrung und nicht auf Algorithmen basiert.<\/em><\/p>\n\n\n\n<p><em>Uns hat es dabei schon immer ausgezeichnet, die guten Objekten zum besten Preis und die schwierigen Objekte am Ende tats\u00e4chlich zu verkaufe<\/em>n. <\/p>\n","protected":false},"excerpt":{"rendered":"<p>Wenn Sie sich mit dem Gedanken tragen, Ihre Immobilie zu verkaufen, dann stehen wir Ihnen gerne mit unserer pers\u00f6nlichen Einsch\u00e4tzung zu einer m\u00f6glichen Kaufpreisspanne zur Seite, die auf Erfahrung und nicht auf Algorithmen basiert. Uns hat es dabei schon immer ausgezeichnet, die guten Objekten zum besten Preis und die schwierigen Objekte am Ende tats\u00e4chlich zu &hellip; <\/p>\n<p class=\"link-more\"><a href=\"https:\/\/bestground.de\/?page_id=69\" class=\"more-link\"><span class=\"screen-reader-text\">\u201eImmobilienbewertung\u201c<\/span> weiterlesen<\/a><\/p>\n","protected":false},"author":1,"featured_media":0,"parent":0,"menu_order":0,"comment_status":"closed","ping_status":"closed","template":"","meta":{"footnotes":""},"class_list":["post-69","page","type-page","status-publish","hentry"],"_links":{"self":[{"href":"https:\/\/bestground.de\/index.php?rest_route=\/wp\/v2\/pages\/69","targetHints":{"allow":["GET"]}}],"collection":[{"href":"https:\/\/bestground.de\/index.php?rest_route=\/wp\/v2\/pages"}],"about":[{"href":"https:\/\/bestground.de\/index.php?rest_route=\/wp\/v2\/types\/page"}],"author":[{"embeddable":true,"href":"https:\/\/bestground.de\/index.php?rest_route=\/wp\/v2\/users\/1"}],"replies":[{"embeddable":true,"href":"https:\/\/bestground.de\/index.php?rest_route=%2Fwp%2Fv2%2Fcomments&post=69"}],"version-history":[{"count":7,"href":"https:\/\/bestground.de\/index.php?rest_route=\/wp\/v2\/pages\/69\/revisions"}],"predecessor-version":[{"id":151,"href":"https:\/\/bestground.de\/index.php?rest_route=\/wp\/v2\/pages\/69\/revisions\/151"}],"wp:attachment":[{"href":"https:\/\/bestground.de\/index.php?rest_route=%2Fwp%2Fv2%2Fmedia&parent=69"}],"curies":[{"name":"wp","href":"https:\/\/api.w.org\/{rel}","templated":true}]}}